{"id":135,"date":"2025-09-19T08:47:46","date_gmt":"2025-09-19T08:47:46","guid":{"rendered":"https:\/\/thorgal-la-cite-mouvante.be\/?page_id=135"},"modified":"2025-09-19T08:52:26","modified_gmt":"2025-09-19T08:52:26","slug":"fin","status":"publish","type":"page","link":"https:\/\/thorgal-la-cite-mouvante.be\/?page_id=135","title":{"rendered":"Fin"},"content":{"rendered":"\t\t<div data-elementor-type=\"wp-page\" data-elementor-id=\"135\" class=\"elementor elementor-135\">\n\t\t\t\t<div class=\"elementor-element elementor-element-2f03159a e-flex e-con-boxed e-con e-parent\" data-id=\"2f03159a\" data-element_type=\"container\">\n\t\t\t\t\t<div class=\"e-con-inner\">\n\t\t\t\t<div class=\"elementor-element elementor-element-3c5afe2d elementor-widget elementor-widget-image\" data-id=\"3c5afe2d\" data-element_type=\"widget\" data-widget_type=\"image.default\">\n\t\t\t\t\t\t\t\t\t\t\t\t\t\t\t<img fetchpriority=\"high\" decoding=\"async\" width=\"1024\" height=\"287\" src=\"https:\/\/thorgal-la-cite-mouvante.be\/wp-content\/uploads\/2025\/09\/thorgal-fin-1024x287.jpg\" class=\"attachment-large size-large wp-image-19\" alt=\"\" srcset=\"https:\/\/thorgal-la-cite-mouvante.be\/wp-content\/uploads\/2025\/09\/thorgal-fin-1024x287.jpg 1024w, https:\/\/thorgal-la-cite-mouvante.be\/wp-content\/uploads\/2025\/09\/thorgal-fin-300x84.jpg 300w, https:\/\/thorgal-la-cite-mouvante.be\/wp-content\/uploads\/2025\/09\/thorgal-fin-768x215.jpg 768w, https:\/\/thorgal-la-cite-mouvante.be\/wp-content\/uploads\/2025\/09\/thorgal-fin-1536x430.jpg 1536w, https:\/\/thorgal-la-cite-mouvante.be\/wp-content\/uploads\/2025\/09\/thorgal-fin-2048x573.jpg 2048w\" sizes=\"(max-width: 1024px) 100vw, 1024px\" \/>\t\t\t\t\t\t\t\t\t\t\t\t\t\t\t<\/div>\n\t\t\t\t<div class=\"elementor-element elementor-element-3207e764 elementor-widget elementor-widget-heading\" data-id=\"3207e764\" data-element_type=\"widget\" data-widget_type=\"heading.default\">\n\t\t\t\t\t<h2 class=\"elementor-heading-title elementor-size-default\">Bravo vous avez r\u00e9ussi \u00e0 vous \u00e9chapper de la Cit\u00e9 Mouvante, <br>vous allez pouvoir retrouver Aaricia et Jolan !<\/h2>\t\t\t\t<\/div>\n\t\t\t\t\t<\/div>\n\t\t\t\t<\/div>\n\t\t<div class=\"elementor-element elementor-element-5145d9a3 e-flex e-con-boxed e-con e-parent\" data-id=\"5145d9a3\" data-element_type=\"container\">\n\t\t\t\t\t<div class=\"e-con-inner\">\n\t\t\t\t<div class=\"elementor-element elementor-element-584c6af0 elementor-widget elementor-widget-spacer\" data-id=\"584c6af0\" data-element_type=\"widget\" data-widget_type=\"spacer.default\">\n\t\t\t\t\t\t\t<div class=\"elementor-spacer\">\n\t\t\t<div class=\"elementor-spacer-inner\"><\/div>\n\t\t<\/div>\n\t\t\t\t\t\t<\/div>\n\t\t\t\t\t<\/div>\n\t\t\t\t<\/div>\n\t\t\t\t<\/div>\n\t\t","protected":false},"excerpt":{"rendered":"<p>Bravo vous avez r\u00e9ussi \u00e0 vous \u00e9chapper de la Cit\u00e9 Mouvante, vous allez pouvoir retrouver Aaricia et Jolan !<\/p>\n","protected":false},"author":1,"featured_media":0,"parent":0,"menu_order":0,"comment_status":"closed","ping_status":"closed","template":"elementor_canvas","meta":{"footnotes":""},"class_list":["post-135","page","type-page","status-publish","hentry"],"_links":{"self":[{"href":"https:\/\/thorgal-la-cite-mouvante.be\/index.php?rest_route=\/wp\/v2\/pages\/135","targetHints":{"allow":["GET"]}}],"collection":[{"href":"https:\/\/thorgal-la-cite-mouvante.be\/index.php?rest_route=\/wp\/v2\/pages"}],"about":[{"href":"https:\/\/thorgal-la-cite-mouvante.be\/index.php?rest_route=\/wp\/v2\/types\/page"}],"author":[{"embeddable":true,"href":"https:\/\/thorgal-la-cite-mouvante.be\/index.php?rest_route=\/wp\/v2\/users\/1"}],"replies":[{"embeddable":true,"href":"https:\/\/thorgal-la-cite-mouvante.be\/index.php?rest_route=%2Fwp%2Fv2%2Fcomments&post=135"}],"version-history":[{"count":4,"href":"https:\/\/thorgal-la-cite-mouvante.be\/index.php?rest_route=\/wp\/v2\/pages\/135\/revisions"}],"predecessor-version":[{"id":151,"href":"https:\/\/thorgal-la-cite-mouvante.be\/index.php?rest_route=\/wp\/v2\/pages\/135\/revisions\/151"}],"wp:attachment":[{"href":"https:\/\/thorgal-la-cite-mouvante.be\/index.php?rest_route=%2Fwp%2Fv2%2Fmedia&parent=135"}],"curies":[{"name":"wp","href":"https:\/\/api.w.org\/{rel}","templated":true}]}}