{"id":38,"date":"2025-09-19T08:26:43","date_gmt":"2025-09-19T08:26:43","guid":{"rendered":"https:\/\/thorgal-la-cite-mouvante.be\/?page_id=38"},"modified":"2025-09-19T08:42:41","modified_gmt":"2025-09-19T08:42:41","slug":"mauvaise-reponse","status":"publish","type":"page","link":"https:\/\/thorgal-la-cite-mouvante.be\/?page_id=38","title":{"rendered":"Action 3"},"content":{"rendered":"\t\t<div data-elementor-type=\"wp-page\" data-elementor-id=\"38\" class=\"elementor elementor-38\">\n\t\t\t\t<div class=\"elementor-element elementor-element-3bb08a54 e-flex e-con-boxed e-con e-parent\" data-id=\"3bb08a54\" data-element_type=\"container\">\n\t\t\t\t\t<div class=\"e-con-inner\">\n\t\t\t\t<div class=\"elementor-element elementor-element-70007016 elementor-widget elementor-widget-image\" data-id=\"70007016\" data-element_type=\"widget\" data-widget_type=\"image.default\">\n\t\t\t\t\t\t\t\t\t\t\t\t\t\t\t<img fetchpriority=\"high\" decoding=\"async\" width=\"1024\" height=\"451\" src=\"https:\/\/thorgal-la-cite-mouvante.be\/wp-content\/uploads\/2025\/09\/thorgal-3-1024x451.jpg\" class=\"attachment-large size-large wp-image-16\" alt=\"\" srcset=\"https:\/\/thorgal-la-cite-mouvante.be\/wp-content\/uploads\/2025\/09\/thorgal-3-1024x451.jpg 1024w, https:\/\/thorgal-la-cite-mouvante.be\/wp-content\/uploads\/2025\/09\/thorgal-3-300x132.jpg 300w, https:\/\/thorgal-la-cite-mouvante.be\/wp-content\/uploads\/2025\/09\/thorgal-3-768x339.jpg 768w, https:\/\/thorgal-la-cite-mouvante.be\/wp-content\/uploads\/2025\/09\/thorgal-3-1536x677.jpg 1536w, https:\/\/thorgal-la-cite-mouvante.be\/wp-content\/uploads\/2025\/09\/thorgal-3-2048x903.jpg 2048w\" sizes=\"(max-width: 1024px) 100vw, 1024px\" \/>\t\t\t\t\t\t\t\t\t\t\t\t\t\t\t<\/div>\n\t\t\t\t<div class=\"elementor-element elementor-element-7860ae30 elementor-widget elementor-widget-heading\" data-id=\"7860ae30\" data-element_type=\"widget\" data-widget_type=\"heading.default\">\n\t\t\t\t\t<h2 class=\"elementor-heading-title elementor-size-default\">Arriv\u00e9 dans la Cit\u00e9 Mouvante, un homme vous propose son aide. Que faites-vous ?<\/h2>\t\t\t\t<\/div>\n\t\t\t\t\t<\/div>\n\t\t\t\t<\/div>\n\t\t<div class=\"elementor-element elementor-element-66196149 e-flex e-con-boxed e-con e-parent\" data-id=\"66196149\" data-element_type=\"container\">\n\t\t\t\t\t<div class=\"e-con-inner\">\n\t\t<div class=\"elementor-element elementor-element-1c98842e e-con-full e-transform e-flex e-con e-child\" data-id=\"1c98842e\" data-element_type=\"container\" data-settings=\"{&quot;_transform_scale_effect_hover&quot;:{&quot;unit&quot;:&quot;px&quot;,&quot;size&quot;:1.1,&quot;sizes&quot;:[]},&quot;_transform_scale_effect_hover_tablet&quot;:{&quot;unit&quot;:&quot;px&quot;,&quot;size&quot;:&quot;&quot;,&quot;sizes&quot;:[]},&quot;_transform_scale_effect_hover_mobile&quot;:{&quot;unit&quot;:&quot;px&quot;,&quot;size&quot;:&quot;&quot;,&quot;sizes&quot;:[]}}\">\n\t\t\t\t<div class=\"elementor-element elementor-element-da05e5b elementor-widget elementor-widget-text-editor\" data-id=\"da05e5b\" data-element_type=\"widget\" data-widget_type=\"text-editor.default\">\n\t\t\t\t\t\t\t\t\t<p><a href=\"\/?page_id=60\"><span data-olk-copy-source=\"MessageBody\">Vous \u00eates certain que c&#8217;est un pi\u00e8ge et d\u00e9cidez de le tuer.<\/span><\/a><\/p>\t\t\t\t\t\t\t\t<\/div>\n\t\t\t\t<\/div>\n\t\t<div class=\"elementor-element elementor-element-4dbaf51a e-con-full e-transform e-flex e-con e-child\" data-id=\"4dbaf51a\" data-element_type=\"container\" data-settings=\"{&quot;_transform_scale_effect_hover&quot;:{&quot;unit&quot;:&quot;px&quot;,&quot;size&quot;:1.1,&quot;sizes&quot;:[]},&quot;_transform_scale_effect_hover_tablet&quot;:{&quot;unit&quot;:&quot;px&quot;,&quot;size&quot;:&quot;&quot;,&quot;sizes&quot;:[]},&quot;_transform_scale_effect_hover_mobile&quot;:{&quot;unit&quot;:&quot;px&quot;,&quot;size&quot;:&quot;&quot;,&quot;sizes&quot;:[]}}\">\n\t\t\t\t<div class=\"elementor-element elementor-element-5ccad482 elementor-widget elementor-widget-text-editor\" data-id=\"5ccad482\" data-element_type=\"widget\" data-widget_type=\"text-editor.default\">\n\t\t\t\t\t\t\t\t\t<p><a href=\"\/?page_id=84\"><span data-olk-copy-source=\"MessageBody\">Cela ne vous int\u00e9resse pas, vous continuez seul votre repas.<\/span><\/a><\/p>\t\t\t\t\t\t\t\t<\/div>\n\t\t\t\t<\/div>\n\t\t<div class=\"elementor-element elementor-element-3b5a07ee e-con-full e-transform e-flex e-con e-child\" data-id=\"3b5a07ee\" data-element_type=\"container\" data-settings=\"{&quot;_transform_scale_effect_hover&quot;:{&quot;unit&quot;:&quot;px&quot;,&quot;size&quot;:1.1,&quot;sizes&quot;:[]},&quot;_transform_scale_effect_hover_tablet&quot;:{&quot;unit&quot;:&quot;px&quot;,&quot;size&quot;:&quot;&quot;,&quot;sizes&quot;:[]},&quot;_transform_scale_effect_hover_mobile&quot;:{&quot;unit&quot;:&quot;px&quot;,&quot;size&quot;:&quot;&quot;,&quot;sizes&quot;:[]}}\">\n\t\t\t\t<div class=\"elementor-element elementor-element-6b7408ee elementor-widget elementor-widget-text-editor\" data-id=\"6b7408ee\" data-element_type=\"widget\" data-widget_type=\"text-editor.default\">\n\t\t\t\t\t\t\t\t\t<p><a href=\"\/?page_id=49\"><span data-olk-copy-source=\"MessageBody\">Vous l&#8217;\u00e9coutez, mais vous pr\u00e9f\u00e9rez vous d\u00e9brouiller vous-m\u00eame.<\/span><\/a><\/p>\t\t\t\t\t\t\t\t<\/div>\n\t\t\t\t<\/div>\n\t\t<div class=\"elementor-element elementor-element-9ecbd6b e-con-full e-transform e-flex e-con e-child\" data-id=\"9ecbd6b\" data-element_type=\"container\" data-settings=\"{&quot;_transform_scale_effect_hover&quot;:{&quot;unit&quot;:&quot;px&quot;,&quot;size&quot;:1.1,&quot;sizes&quot;:[]},&quot;_transform_scale_effect_hover_tablet&quot;:{&quot;unit&quot;:&quot;px&quot;,&quot;size&quot;:&quot;&quot;,&quot;sizes&quot;:[]},&quot;_transform_scale_effect_hover_mobile&quot;:{&quot;unit&quot;:&quot;px&quot;,&quot;size&quot;:&quot;&quot;,&quot;sizes&quot;:[]}}\">\n\t\t\t\t<div class=\"elementor-element elementor-element-4776b4e0 elementor-widget elementor-widget-text-editor\" data-id=\"4776b4e0\" data-element_type=\"widget\" data-widget_type=\"text-editor.default\">\n\t\t\t\t\t\t\t\t\t<p><a href=\"\/?page_id=99\"><span data-olk-copy-source=\"MessageBody\">Vous en faites imm\u00e9diatement votre alli\u00e9 ind\u00e9fectible.<\/span><\/a><\/p>\t\t\t\t\t\t\t\t<\/div>\n\t\t\t\t<\/div>\n\t\t\t\t\t<\/div>\n\t\t\t\t<\/div>\n\t\t<div class=\"elementor-element elementor-element-23ee474c e-flex e-con-boxed e-con e-parent\" data-id=\"23ee474c\" data-element_type=\"container\">\n\t\t\t\t\t<div class=\"e-con-inner\">\n\t\t\t\t<div class=\"elementor-element elementor-element-322c1b0d elementor-widget elementor-widget-spacer\" data-id=\"322c1b0d\" data-element_type=\"widget\" data-widget_type=\"spacer.default\">\n\t\t\t\t\t\t\t<div class=\"elementor-spacer\">\n\t\t\t<div class=\"elementor-spacer-inner\"><\/div>\n\t\t<\/div>\n\t\t\t\t\t\t<\/div>\n\t\t\t\t\t<\/div>\n\t\t\t\t<\/div>\n\t\t\t\t<\/div>\n\t\t","protected":false},"excerpt":{"rendered":"<p>Arriv\u00e9 dans la Cit\u00e9 Mouvante, un homme vous propose son aide. Que faites-vous ? Vous \u00eates certain que c&#8217;est un pi\u00e8ge et d\u00e9cidez de le tuer. Cela ne vous int\u00e9resse pas, vous continuez seul votre repas. Vous l&#8217;\u00e9coutez, mais vous pr\u00e9f\u00e9rez vous d\u00e9brouiller vous-m\u00eame. Vous en faites imm\u00e9diatement votre alli\u00e9 ind\u00e9fectible.<\/p>\n","protected":false},"author":1,"featured_media":0,"parent":0,"menu_order":0,"comment_status":"closed","ping_status":"closed","template":"elementor_canvas","meta":{"footnotes":""},"class_list":["post-38","page","type-page","status-publish","hentry"],"_links":{"self":[{"href":"https:\/\/thorgal-la-cite-mouvante.be\/index.php?rest_route=\/wp\/v2\/pages\/38","targetHints":{"allow":["GET"]}}],"collection":[{"href":"https:\/\/thorgal-la-cite-mouvante.be\/index.php?rest_route=\/wp\/v2\/pages"}],"about":[{"href":"https:\/\/thorgal-la-cite-mouvante.be\/index.php?rest_route=\/wp\/v2\/types\/page"}],"author":[{"embeddable":true,"href":"https:\/\/thorgal-la-cite-mouvante.be\/index.php?rest_route=\/wp\/v2\/users\/1"}],"replies":[{"embeddable":true,"href":"https:\/\/thorgal-la-cite-mouvante.be\/index.php?rest_route=%2Fwp%2Fv2%2Fcomments&post=38"}],"version-history":[{"count":19,"href":"https:\/\/thorgal-la-cite-mouvante.be\/index.php?rest_route=\/wp\/v2\/pages\/38\/revisions"}],"predecessor-version":[{"id":110,"href":"https:\/\/thorgal-la-cite-mouvante.be\/index.php?rest_route=\/wp\/v2\/pages\/38\/revisions\/110"}],"wp:attachment":[{"href":"https:\/\/thorgal-la-cite-mouvante.be\/index.php?rest_route=%2Fwp%2Fv2%2Fmedia&parent=38"}],"curies":[{"name":"wp","href":"https:\/\/api.w.org\/{rel}","templated":true}]}}