{"id":49,"date":"2025-09-19T08:28:54","date_gmt":"2025-09-19T08:28:54","guid":{"rendered":"https:\/\/thorgal-la-cite-mouvante.be\/?page_id=49"},"modified":"2025-09-19T08:46:20","modified_gmt":"2025-09-19T08:46:20","slug":"action-4","status":"publish","type":"page","link":"https:\/\/thorgal-la-cite-mouvante.be\/?page_id=49","title":{"rendered":"Action 4"},"content":{"rendered":"\t\t<div data-elementor-type=\"wp-page\" data-elementor-id=\"49\" class=\"elementor elementor-49\">\n\t\t\t\t<div class=\"elementor-element elementor-element-5d8a36d6 e-flex e-con-boxed e-con e-parent\" data-id=\"5d8a36d6\" data-element_type=\"container\">\n\t\t\t\t\t<div class=\"e-con-inner\">\n\t\t\t\t<div class=\"elementor-element elementor-element-4559fdf4 elementor-widget elementor-widget-image\" data-id=\"4559fdf4\" data-element_type=\"widget\" data-widget_type=\"image.default\">\n\t\t\t\t\t\t\t\t\t\t\t\t\t\t\t<img fetchpriority=\"high\" decoding=\"async\" width=\"1024\" height=\"667\" src=\"https:\/\/thorgal-la-cite-mouvante.be\/wp-content\/uploads\/2025\/09\/thorgal-4-1024x667.jpg\" class=\"attachment-large size-large wp-image-17\" alt=\"\" srcset=\"https:\/\/thorgal-la-cite-mouvante.be\/wp-content\/uploads\/2025\/09\/thorgal-4-1024x667.jpg 1024w, https:\/\/thorgal-la-cite-mouvante.be\/wp-content\/uploads\/2025\/09\/thorgal-4-300x195.jpg 300w, https:\/\/thorgal-la-cite-mouvante.be\/wp-content\/uploads\/2025\/09\/thorgal-4-768x500.jpg 768w, https:\/\/thorgal-la-cite-mouvante.be\/wp-content\/uploads\/2025\/09\/thorgal-4-1536x1001.jpg 1536w, https:\/\/thorgal-la-cite-mouvante.be\/wp-content\/uploads\/2025\/09\/thorgal-4-2048x1334.jpg 2048w\" sizes=\"(max-width: 1024px) 100vw, 1024px\" \/>\t\t\t\t\t\t\t\t\t\t\t\t\t\t\t<\/div>\n\t\t\t\t<div class=\"elementor-element elementor-element-4c2a368 elementor-widget elementor-widget-heading\" data-id=\"4c2a368\" data-element_type=\"widget\" data-widget_type=\"heading.default\">\n\t\t\t\t\t<h2 class=\"elementor-heading-title elementor-size-default\">Vous constatez par vous-m\u00eame que la Cit\u00e9 est magique et qu'il est impossible d'en sortir :<\/h2>\t\t\t\t<\/div>\n\t\t\t\t\t<\/div>\n\t\t\t\t<\/div>\n\t\t<div class=\"elementor-element elementor-element-6c7828f5 e-flex e-con-boxed e-con e-parent\" data-id=\"6c7828f5\" data-element_type=\"container\">\n\t\t\t\t\t<div class=\"e-con-inner\">\n\t\t<div class=\"elementor-element elementor-element-29477ea9 e-con-full e-transform e-flex e-con e-child\" data-id=\"29477ea9\" data-element_type=\"container\" data-settings=\"{&quot;_transform_scale_effect_hover&quot;:{&quot;unit&quot;:&quot;px&quot;,&quot;size&quot;:1.1,&quot;sizes&quot;:[]},&quot;_transform_scale_effect_hover_tablet&quot;:{&quot;unit&quot;:&quot;px&quot;,&quot;size&quot;:&quot;&quot;,&quot;sizes&quot;:[]},&quot;_transform_scale_effect_hover_mobile&quot;:{&quot;unit&quot;:&quot;px&quot;,&quot;size&quot;:&quot;&quot;,&quot;sizes&quot;:[]}}\">\n\t\t\t\t<div class=\"elementor-element elementor-element-1151fbf7 elementor-widget elementor-widget-text-editor\" data-id=\"1151fbf7\" data-element_type=\"widget\" data-widget_type=\"text-editor.default\">\n\t\t\t\t\t\t\t\t\t<p><a href=\"\/?page_id=99\"><span data-olk-copy-source=\"MessageBody\">Vous essayez de vous \u00e9chapper encore et encore malgr\u00e9 les \u00e9checs.<\/span><\/a><\/p>\t\t\t\t\t\t\t\t<\/div>\n\t\t\t\t<\/div>\n\t\t<div class=\"elementor-element elementor-element-6ec1db70 e-con-full e-transform e-flex e-con e-child\" data-id=\"6ec1db70\" data-element_type=\"container\" data-settings=\"{&quot;_transform_scale_effect_hover&quot;:{&quot;unit&quot;:&quot;px&quot;,&quot;size&quot;:1.1,&quot;sizes&quot;:[]},&quot;_transform_scale_effect_hover_tablet&quot;:{&quot;unit&quot;:&quot;px&quot;,&quot;size&quot;:&quot;&quot;,&quot;sizes&quot;:[]},&quot;_transform_scale_effect_hover_mobile&quot;:{&quot;unit&quot;:&quot;px&quot;,&quot;size&quot;:&quot;&quot;,&quot;sizes&quot;:[]}}\">\n\t\t\t\t<div class=\"elementor-element elementor-element-69655f elementor-widget elementor-widget-text-editor\" data-id=\"69655f\" data-element_type=\"widget\" data-widget_type=\"text-editor.default\">\n\t\t\t\t\t\t\t\t\t<p><a href=\"\/?page_id=121\"><span data-olk-copy-source=\"MessageBody\">Vous observez les \u00e9toiles pour comprendre les d\u00e9placements de la cit\u00e9.<\/span><\/a><\/p>\t\t\t\t\t\t\t\t<\/div>\n\t\t\t\t<\/div>\n\t\t<div class=\"elementor-element elementor-element-1e551b9b e-con-full e-transform e-flex e-con e-child\" data-id=\"1e551b9b\" data-element_type=\"container\" data-settings=\"{&quot;_transform_scale_effect_hover&quot;:{&quot;unit&quot;:&quot;px&quot;,&quot;size&quot;:1.1,&quot;sizes&quot;:[]},&quot;_transform_scale_effect_hover_tablet&quot;:{&quot;unit&quot;:&quot;px&quot;,&quot;size&quot;:&quot;&quot;,&quot;sizes&quot;:[]},&quot;_transform_scale_effect_hover_mobile&quot;:{&quot;unit&quot;:&quot;px&quot;,&quot;size&quot;:&quot;&quot;,&quot;sizes&quot;:[]}}\">\n\t\t\t\t<div class=\"elementor-element elementor-element-5cd50fbd elementor-widget elementor-widget-text-editor\" data-id=\"5cd50fbd\" data-element_type=\"widget\" data-widget_type=\"text-editor.default\">\n\t\t\t\t\t\t\t\t\t<p><a href=\"\/?page_id=60\"><span data-olk-copy-source=\"MessageBody\">Vous d\u00e9cidez de profiter du lieu, vous trouverez une solution plus tard&#8230;<\/span><\/a><\/p>\t\t\t\t\t\t\t\t<\/div>\n\t\t\t\t<\/div>\n\t\t<div class=\"elementor-element elementor-element-19107407 e-con-full e-transform e-flex e-con e-child\" data-id=\"19107407\" data-element_type=\"container\" data-settings=\"{&quot;_transform_scale_effect_hover&quot;:{&quot;unit&quot;:&quot;px&quot;,&quot;size&quot;:1.1,&quot;sizes&quot;:[]},&quot;_transform_scale_effect_hover_tablet&quot;:{&quot;unit&quot;:&quot;px&quot;,&quot;size&quot;:&quot;&quot;,&quot;sizes&quot;:[]},&quot;_transform_scale_effect_hover_mobile&quot;:{&quot;unit&quot;:&quot;px&quot;,&quot;size&quot;:&quot;&quot;,&quot;sizes&quot;:[]}}\">\n\t\t\t\t<div class=\"elementor-element elementor-element-5c79cd5f elementor-widget elementor-widget-text-editor\" data-id=\"5c79cd5f\" data-element_type=\"widget\" data-widget_type=\"text-editor.default\">\n\t\t\t\t\t\t\t\t\t<p><a href=\"\/?page_id=84\"><span data-olk-copy-source=\"MessageBody\">Vous attendez patiemment que la cit\u00e9 revienne dans son lieu initial.<\/span><\/a><\/p>\t\t\t\t\t\t\t\t<\/div>\n\t\t\t\t<\/div>\n\t\t\t\t\t<\/div>\n\t\t\t\t<\/div>\n\t\t<div class=\"elementor-element elementor-element-7bc6ee79 e-flex e-con-boxed e-con e-parent\" data-id=\"7bc6ee79\" data-element_type=\"container\">\n\t\t\t\t\t<div class=\"e-con-inner\">\n\t\t\t\t<div class=\"elementor-element elementor-element-1cdeb050 elementor-widget elementor-widget-spacer\" data-id=\"1cdeb050\" data-element_type=\"widget\" data-widget_type=\"spacer.default\">\n\t\t\t\t\t\t\t<div class=\"elementor-spacer\">\n\t\t\t<div class=\"elementor-spacer-inner\"><\/div>\n\t\t<\/div>\n\t\t\t\t\t\t<\/div>\n\t\t\t\t\t<\/div>\n\t\t\t\t<\/div>\n\t\t\t\t<\/div>\n\t\t","protected":false},"excerpt":{"rendered":"<p>Vous constatez par vous-m\u00eame que la Cit\u00e9 est magique et qu&#8217;il est impossible d&#8217;en sortir : Vous essayez de vous \u00e9chapper encore et encore malgr\u00e9 les \u00e9checs. Vous observez les \u00e9toiles pour comprendre les d\u00e9placements de la cit\u00e9. Vous d\u00e9cidez de profiter du lieu, vous trouverez une solution plus tard&#8230; Vous attendez patiemment que la [&hellip;]<\/p>\n","protected":false},"author":1,"featured_media":0,"parent":0,"menu_order":0,"comment_status":"closed","ping_status":"closed","template":"elementor_canvas","meta":{"footnotes":""},"class_list":["post-49","page","type-page","status-publish","hentry"],"_links":{"self":[{"href":"https:\/\/thorgal-la-cite-mouvante.be\/index.php?rest_route=\/wp\/v2\/pages\/49","targetHints":{"allow":["GET"]}}],"collection":[{"href":"https:\/\/thorgal-la-cite-mouvante.be\/index.php?rest_route=\/wp\/v2\/pages"}],"about":[{"href":"https:\/\/thorgal-la-cite-mouvante.be\/index.php?rest_route=\/wp\/v2\/types\/page"}],"author":[{"embeddable":true,"href":"https:\/\/thorgal-la-cite-mouvante.be\/index.php?rest_route=\/wp\/v2\/users\/1"}],"replies":[{"embeddable":true,"href":"https:\/\/thorgal-la-cite-mouvante.be\/index.php?rest_route=%2Fwp%2Fv2%2Fcomments&post=49"}],"version-history":[{"count":16,"href":"https:\/\/thorgal-la-cite-mouvante.be\/index.php?rest_route=\/wp\/v2\/pages\/49\/revisions"}],"predecessor-version":[{"id":131,"href":"https:\/\/thorgal-la-cite-mouvante.be\/index.php?rest_route=\/wp\/v2\/pages\/49\/revisions\/131"}],"wp:attachment":[{"href":"https:\/\/thorgal-la-cite-mouvante.be\/index.php?rest_route=%2Fwp%2Fv2%2Fmedia&parent=49"}],"curies":[{"name":"wp","href":"https:\/\/api.w.org\/{rel}","templated":true}]}}